{"id":5813,"date":"2020-04-15T21:32:47","date_gmt":"2020-04-15T19:32:47","guid":{"rendered":"https:\/\/audreyrochas.com\/missmad\/?page_id=5813"},"modified":"2020-04-16T13:29:44","modified_gmt":"2020-04-16T11:29:44","slug":"fifty-shades-of-green","status":"publish","type":"page","link":"https:\/\/www.audreyrochas.com\/missmad\/fifty-shades-of-green\/","title":{"rendered":"Fifty shades of green"},"content":{"rendered":"<p>[et_pb_section fb_built=\u00a0\u00bb1&Prime; fullwidth=\u00a0\u00bbon\u00a0\u00bb _builder_version=\u00a0\u00bb3.21.4&Prime; bottom_divider_style=\u00a0\u00bbwaves2&Prime; bottom_divider_color=\u00a0\u00bb#ffffff\u00a0\u00bb][et_pb_fullwidth_header title=\u00a0\u00bbFifty Shades of Green\u00a0\u00bb subhead=\u00a0\u00bbEt la plan\u00e8te, bordel..!\u00a0\u00bb background_overlay_color=\u00a0\u00bbrgba(0,0,0,0.26)\u00a0\u00bb header_image_url=\u00a0\u00bbhttps:\/\/audreyrochas.com\/missmad\/wp-content\/uploads\/sites\/5\/2020\/04\/Rainbow-green-light.jpg\u00a0\u00bb _builder_version=\u00a0\u00bb3.21.4&Prime; title_level=\u00a0\u00bbh2&Prime; title_font=\u00a0\u00bb||||||||\u00a0\u00bb title_font_size=\u00a0\u00bb50px\u00a0\u00bb content_font=\u00a0\u00bb||||||||\u00a0\u00bb content_font_size=\u00a0\u00bb15px\u00a0\u00bb subhead_font=\u00a0\u00bbQuicksand||||||||\u00a0\u00bb subhead_font_size=\u00a0\u00bb25px\u00a0\u00bb use_background_color_gradient=\u00a0\u00bbon\u00a0\u00bb background_image=\u00a0\u00bbhttps:\/\/audreyrochas.com\/missmad\/wp-content\/uploads\/sites\/5\/2020\/04\/Rainbow-green-light.jpg\u00a0\u00bb child_mix_blend_mode=\u00a0\u00bbmultiply\u00a0\u00bb animation_style=\u00a0\u00bbfade\u00a0\u00bb]<\/p>\n<p>On peut avoir une voiture, prendre parfois des bains et \u00eatre un minimum \u00e9colo<\/p>\n<p>[\/et_pb_fullwidth_header][\/et_pb_section][et_pb_section fb_built=\u00a0\u00bb1&Prime; _builder_version=\u00a0\u00bb3.21.4&Prime; background_size=\u00a0\u00bbinitial\u00a0\u00bb background_repeat=\u00a0\u00bbrepeat\u00a0\u00bb][et_pb_row _builder_version=\u00a0\u00bb3.21.4&Prime;][et_pb_column type=\u00a0\u00bb2_5&Prime; _builder_version=\u00a0\u00bb3.21.4&Prime;][et_pb_text _builder_version=\u00a0\u00bb3.21.4&Prime; header_font=\u00a0\u00bb||||||||\u00a0\u00bb header_2_font=\u00a0\u00bbArabella||||||||\u00a0\u00bb header_2_text_color=\u00a0\u00bb#1daf31&Prime; header_2_font_size=\u00a0\u00bb45px\u00a0\u00bb header_3_font=\u00a0\u00bbQuicksand||||||||\u00a0\u00bb header_3_text_color=\u00a0\u00bb#1daf31&Prime;]<\/p>\n<h2>Du vert, mais aussi du bleu pour la plan\u00e8te<\/h2>\n<p><strong>Grand adepte de la slow \u00e9cologie, j&rsquo;aime partager mes petits trucs pour avoir moins d&rsquo;impact.<\/strong><\/p>\n<h3>Slow \u00e9cologie : k\u00e9sako ?<\/h3>\n<p>La slow \u00e9cologie, c&rsquo;est un l&rsquo;\u00e9cologie light, parce qu&rsquo;on n&rsquo;attend pas d&rsquo;un nourrisson qu&rsquo;il court un marathon, alors pourquoi attendre de gens qui utilisent leur voiture quotidiennement depuis 30 ans de la l\u00e2cher du jour au lendemain..?<\/p>\n<h3><span>\u00c0 quoi vous attendre :<\/span><\/h3>\n<ol>\n<li>Des chiffres pour savoir quel impact ont nos actes<\/li>\n<li>Des id\u00e9es pour diminuer notre empreinte<\/li>\n<\/ol>\n<p>[\/et_pb_text][\/et_pb_column][et_pb_column type=\u00a0\u00bb3_5&Prime; _builder_version=\u00a0\u00bb3.21.4&Prime;][et_pb_post_slider posts_number=\u00a0\u00bb3&Prime; include_categories=\u00a0\u00bb246&Prime; more_text=\u00a0\u00bbLire plus&#8230;\u00a0\u00bb _builder_version=\u00a0\u00bb3.21.4&Prime; border_radii=\u00a0\u00bb|50px||50px|\u00a0\u00bb border_color_all=\u00a0\u00bbrgba(0,0,0,0)\u00a0\u00bb border_style_all=\u00a0\u00bbdouble\u00a0\u00bb border_width_top=\u00a0\u00bb7px\u00a0\u00bb border_color_top=\u00a0\u00bb#1daf31&Prime; border_style_top=\u00a0\u00bbsolid\u00a0\u00bb box_shadow_style=\u00a0\u00bbpreset1&Prime;][\/et_pb_post_slider][\/et_pb_column][\/et_pb_row][et_pb_row _builder_version=\u00a0\u00bb3.21.4&Prime;][et_pb_column type=\u00a0\u00bb4_4&Prime; _builder_version=\u00a0\u00bb3.21.4&Prime;][et_pb_blog fullwidth=\u00a0\u00bboff\u00a0\u00bb posts_number=\u00a0\u00bb9999&Prime; include_categories=\u00a0\u00bb246&Prime; offset_number=\u00a0\u00bb3&Prime; _builder_version=\u00a0\u00bb3.21.4&Prime; header_font=\u00a0\u00bbQuicksand||||||||\u00a0\u00bb border_radii=\u00a0\u00bb|50px||50px|\u00a0\u00bb border_width_top=\u00a0\u00bb7px\u00a0\u00bb border_color_top=\u00a0\u00bb#1daf31&Prime; box_shadow_style=\u00a0\u00bbpreset1&Prime; header_text_color=\u00a0\u00bb#1daf31&Prime;][\/et_pb_blog][\/et_pb_column][\/et_pb_row][\/et_pb_section]<\/p>\n","protected":false},"excerpt":{"rendered":"<p>On peut avoir une voiture, prendre parfois des bains et \u00eatre un minimum \u00e9coloDu vert, mais aussi du bleu pour la plan\u00e8te Grand adepte de la slow \u00e9cologie, j&rsquo;aime partager mes petits trucs pour avoir moins d&rsquo;impact. Slow \u00e9cologie : k\u00e9sako ? La slow \u00e9cologie, c&rsquo;est un l&rsquo;\u00e9cologie light, parce qu&rsquo;on n&rsquo;attend pas d&rsquo;un nourrisson [&hellip;]<\/p>\n","protected":false},"author":1,"featured_media":0,"parent":0,"menu_order":0,"comment_status":"closed","ping_status":"closed","template":"","meta":{"_et_pb_use_builder":"on","_et_pb_old_content":"","_et_gb_content_width":"","footnotes":""},"yoast_head":"<!-- This site is optimized with the Yoast SEO plugin v20.13 - https:\/\/yoast.com\/wordpress\/plugins\/seo\/ -->\n<title>Fifty shades of green - Miss Mad<\/title>\n<meta name=\"robots\" content=\"index, follow, max-snippet:-1, max-image-preview:large, max-video-preview:-1\" \/>\n<link rel=\"canonical\" href=\"https:\/\/www.audreyrochas.com\/missmad\/fifty-shades-of-green\/\" \/>\n<meta property=\"og:locale\" content=\"fr_FR\" \/>\n<meta property=\"og:type\" content=\"article\" \/>\n<meta property=\"og:title\" content=\"Fifty shades of green - Miss Mad\" \/>\n<meta property=\"og:description\" content=\"On peut avoir une voiture, prendre parfois des bains et \u00eatre un minimum \u00e9coloDu vert, mais aussi du bleu pour la plan\u00e8te Grand adepte de la slow \u00e9cologie, j&#039;aime partager mes petits trucs pour avoir moins d&#039;impact. Slow \u00e9cologie : k\u00e9sako ? La slow \u00e9cologie, c&#039;est un l&#039;\u00e9cologie light, parce qu&#039;on n&#039;attend pas d&#039;un nourrisson [&hellip;]\" \/>\n<meta property=\"og:url\" content=\"https:\/\/www.audreyrochas.com\/missmad\/fifty-shades-of-green\/\" \/>\n<meta property=\"og:site_name\" content=\"Miss Mad\" \/>\n<meta property=\"article:modified_time\" content=\"2020-04-16T11:29:44+00:00\" \/>\n<meta name=\"twitter:card\" content=\"summary_large_image\" \/>\n<meta name=\"twitter:label1\" content=\"Dur\u00e9e de lecture estim\u00e9e\" \/>\n\t<meta name=\"twitter:data1\" content=\"2 minutes\" \/>\n<script type=\"application\/ld+json\" class=\"yoast-schema-graph\">{\"@context\":\"https:\/\/schema.org\",\"@graph\":[{\"@type\":\"WebPage\",\"@id\":\"https:\/\/www.audreyrochas.com\/missmad\/fifty-shades-of-green\/\",\"url\":\"https:\/\/www.audreyrochas.com\/missmad\/fifty-shades-of-green\/\",\"name\":\"Fifty shades of green - Miss Mad\",\"isPartOf\":{\"@id\":\"https:\/\/www.audreyrochas.com\/missmad\/#website\"},\"datePublished\":\"2020-04-15T19:32:47+00:00\",\"dateModified\":\"2020-04-16T11:29:44+00:00\",\"breadcrumb\":{\"@id\":\"https:\/\/www.audreyrochas.com\/missmad\/fifty-shades-of-green\/#breadcrumb\"},\"inLanguage\":\"fr-FR\",\"potentialAction\":[{\"@type\":\"ReadAction\",\"target\":[\"https:\/\/www.audreyrochas.com\/missmad\/fifty-shades-of-green\/\"]}]},{\"@type\":\"BreadcrumbList\",\"@id\":\"https:\/\/www.audreyrochas.com\/missmad\/fifty-shades-of-green\/#breadcrumb\",\"itemListElement\":[{\"@type\":\"ListItem\",\"position\":1,\"name\":\"Accueil\",\"item\":\"https:\/\/www.audreyrochas.com\/missmad\/\"},{\"@type\":\"ListItem\",\"position\":2,\"name\":\"Fifty shades of green\"}]},{\"@type\":\"WebSite\",\"@id\":\"https:\/\/www.audreyrochas.com\/missmad\/#website\",\"url\":\"https:\/\/www.audreyrochas.com\/missmad\/\",\"name\":\"Miss Mad\",\"description\":\"\",\"potentialAction\":[{\"@type\":\"SearchAction\",\"target\":{\"@type\":\"EntryPoint\",\"urlTemplate\":\"https:\/\/www.audreyrochas.com\/missmad\/?s={search_term_string}\"},\"query-input\":\"required name=search_term_string\"}],\"inLanguage\":\"fr-FR\"}]}<\/script>\n<!-- \/ Yoast SEO plugin. -->","yoast_head_json":{"title":"Fifty shades of green - Miss Mad","robots":{"index":"index","follow":"follow","max-snippet":"max-snippet:-1","max-image-preview":"max-image-preview:large","max-video-preview":"max-video-preview:-1"},"canonical":"https:\/\/www.audreyrochas.com\/missmad\/fifty-shades-of-green\/","og_locale":"fr_FR","og_type":"article","og_title":"Fifty shades of green - Miss Mad","og_description":"On peut avoir une voiture, prendre parfois des bains et \u00eatre un minimum \u00e9coloDu vert, mais aussi du bleu pour la plan\u00e8te Grand adepte de la slow \u00e9cologie, j'aime partager mes petits trucs pour avoir moins d'impact. Slow \u00e9cologie : k\u00e9sako ? La slow \u00e9cologie, c'est un l'\u00e9cologie light, parce qu'on n'attend pas d'un nourrisson [&hellip;]","og_url":"https:\/\/www.audreyrochas.com\/missmad\/fifty-shades-of-green\/","og_site_name":"Miss Mad","article_modified_time":"2020-04-16T11:29:44+00:00","twitter_card":"summary_large_image","twitter_misc":{"Dur\u00e9e de lecture estim\u00e9e":"2 minutes"},"schema":{"@context":"https:\/\/schema.org","@graph":[{"@type":"WebPage","@id":"https:\/\/www.audreyrochas.com\/missmad\/fifty-shades-of-green\/","url":"https:\/\/www.audreyrochas.com\/missmad\/fifty-shades-of-green\/","name":"Fifty shades of green - Miss Mad","isPartOf":{"@id":"https:\/\/www.audreyrochas.com\/missmad\/#website"},"datePublished":"2020-04-15T19:32:47+00:00","dateModified":"2020-04-16T11:29:44+00:00","breadcrumb":{"@id":"https:\/\/www.audreyrochas.com\/missmad\/fifty-shades-of-green\/#breadcrumb"},"inLanguage":"fr-FR","potentialAction":[{"@type":"ReadAction","target":["https:\/\/www.audreyrochas.com\/missmad\/fifty-shades-of-green\/"]}]},{"@type":"BreadcrumbList","@id":"https:\/\/www.audreyrochas.com\/missmad\/fifty-shades-of-green\/#breadcrumb","itemListElement":[{"@type":"ListItem","position":1,"name":"Accueil","item":"https:\/\/www.audreyrochas.com\/missmad\/"},{"@type":"ListItem","position":2,"name":"Fifty shades of green"}]},{"@type":"WebSite","@id":"https:\/\/www.audreyrochas.com\/missmad\/#website","url":"https:\/\/www.audreyrochas.com\/missmad\/","name":"Miss Mad","description":"","potentialAction":[{"@type":"SearchAction","target":{"@type":"EntryPoint","urlTemplate":"https:\/\/www.audreyrochas.com\/missmad\/?s={search_term_string}"},"query-input":"required name=search_term_string"}],"inLanguage":"fr-FR"}]}},"_links":{"self":[{"href":"https:\/\/www.audreyrochas.com\/missmad\/wp-json\/wp\/v2\/pages\/5813"}],"collection":[{"href":"https:\/\/www.audreyrochas.com\/missmad\/wp-json\/wp\/v2\/pages"}],"about":[{"href":"https:\/\/www.audreyrochas.com\/missmad\/wp-json\/wp\/v2\/types\/page"}],"author":[{"embeddable":true,"href":"https:\/\/www.audreyrochas.com\/missmad\/wp-json\/wp\/v2\/users\/1"}],"replies":[{"embeddable":true,"href":"https:\/\/www.audreyrochas.com\/missmad\/wp-json\/wp\/v2\/comments?post=5813"}],"version-history":[{"count":7,"href":"https:\/\/www.audreyrochas.com\/missmad\/wp-json\/wp\/v2\/pages\/5813\/revisions"}],"predecessor-version":[{"id":5833,"href":"https:\/\/www.audreyrochas.com\/missmad\/wp-json\/wp\/v2\/pages\/5813\/revisions\/5833"}],"wp:attachment":[{"href":"https:\/\/www.audreyrochas.com\/missmad\/wp-json\/wp\/v2\/media?parent=5813"}],"curies":[{"name":"wp","href":"https:\/\/api.w.org\/{rel}","templated":true}]}}