{"id":5795,"date":"2020-04-15T20:21:37","date_gmt":"2020-04-15T18:21:37","guid":{"rendered":"https:\/\/audreyrochas.com\/missmad\/?page_id=5795"},"modified":"2020-04-16T13:28:28","modified_gmt":"2020-04-16T11:28:28","slug":"but-seriously","status":"publish","type":"page","link":"https:\/\/www.audreyrochas.com\/missmad\/but-seriously\/","title":{"rendered":"But seriously"},"content":{"rendered":"<p>[et_pb_section fb_built=\u00a0\u00bb1&Prime; fullwidth=\u00a0\u00bbon\u00a0\u00bb _builder_version=\u00a0\u00bb3.21.4&Prime; bottom_divider_style=\u00a0\u00bbwaves2&Prime; bottom_divider_color=\u00a0\u00bb#ffffff\u00a0\u00bb][et_pb_fullwidth_header title=\u00a0\u00bbBut seriously\u00a0\u00bb subhead=\u00a0\u00bbParce qu&rsquo;on ne peut pas rire de tout\u00a0\u00bb background_overlay_color=\u00a0\u00bbrgba(0,0,0,0.26)\u00a0\u00bb header_image_url=\u00a0\u00bbhttps:\/\/audreyrochas.com\/missmad\/wp-content\/uploads\/sites\/5\/2020\/04\/Papillon-deau-nuit-light.jpg\u00a0\u00bb _builder_version=\u00a0\u00bb3.21.4&Prime; title_level=\u00a0\u00bbh2&Prime; title_font=\u00a0\u00bb||||||||\u00a0\u00bb title_font_size=\u00a0\u00bb50px\u00a0\u00bb content_font=\u00a0\u00bb||||||||\u00a0\u00bb content_font_size=\u00a0\u00bb15px\u00a0\u00bb subhead_font=\u00a0\u00bbQuicksand||||||||\u00a0\u00bb subhead_font_size=\u00a0\u00bb25px\u00a0\u00bb use_background_color_gradient=\u00a0\u00bbon\u00a0\u00bb background_image=\u00a0\u00bbhttps:\/\/audreyrochas.com\/missmad\/wp-content\/uploads\/sites\/5\/2020\/04\/Papillon-deau-nuit-light.jpg\u00a0\u00bb child_mix_blend_mode=\u00a0\u00bbmultiply\u00a0\u00bb animation_style=\u00a0\u00bbfade\u00a0\u00bb]<\/p>\n<p>&#8230;<\/p>\n<p>[\/et_pb_fullwidth_header][\/et_pb_section][et_pb_section fb_built=\u00a0\u00bb1&Prime; _builder_version=\u00a0\u00bb3.21.4&Prime; background_size=\u00a0\u00bbinitial\u00a0\u00bb background_repeat=\u00a0\u00bbrepeat\u00a0\u00bb][et_pb_row _builder_version=\u00a0\u00bb3.21.4&Prime;][et_pb_column type=\u00a0\u00bb2_5&Prime; _builder_version=\u00a0\u00bb3.21.4&Prime;][et_pb_text _builder_version=\u00a0\u00bb3.21.4&Prime; header_font=\u00a0\u00bb||||||||\u00a0\u00bb header_2_font=\u00a0\u00bbArabella||||||||\u00a0\u00bb header_2_font_size=\u00a0\u00bb45px\u00a0\u00bb header_3_font=\u00a0\u00bbQuicksand||||||||\u00a0\u00bb header_2_text_color=\u00a0\u00bb#09679e\u00a0\u00bb header_3_text_color=\u00a0\u00bb#09679e\u00a0\u00bb]<\/p>\n<h2>But seriously&#8230; (r\u00e9f\u00e9rence)<\/h2>\n<p><strong>C&rsquo;est le titre d&rsquo;un album de Phil Collins, celui dans lequel se trouve le titre \u00ab\u00a0Another Day in Paradise\u00a0\u00bb.\u00a0<\/strong><\/p>\n<h3>Un toit sur ma t\u00eate, un lit confortable et des repas \u00e9quilibr\u00e9s&#8230; J&rsquo;ai de la chance !<\/h3>\n<p>Si je mets un point d&rsquo;honneur \u00e0 garder le sourire en toute situation et \u00e0 ne pas imposer aux autres ma mauvaise humeur (elle reste \u00e0 la maison). Mais voil\u00e0 : ici, c&rsquo;est un peu ma maison, alors oui, j&rsquo;ai le droit de parler de sujets qui me touchent&#8230;<\/p>\n<h3>Ce que vous trouverez ici :<\/h3>\n<ol>\n<li>Mes analyses (loin d&rsquo;\u00eatre parfaites et toujours \u00e9clair\u00e9es) des sujets que je vois passer<\/li>\n<li>Des critiques sans filtre (c&rsquo;est pour Instagram)<\/li>\n<\/ol>\n<p>[\/et_pb_text][\/et_pb_column][et_pb_column type=\u00a0\u00bb3_5&Prime; _builder_version=\u00a0\u00bb3.21.4&Prime;][et_pb_post_slider posts_number=\u00a0\u00bb3&Prime; include_categories=\u00a0\u00bb10&Prime; more_text=\u00a0\u00bbLire plus&#8230;\u00a0\u00bb _builder_version=\u00a0\u00bb3.21.4&Prime; border_radii=\u00a0\u00bb|50px||50px|\u00a0\u00bb border_color_all=\u00a0\u00bb#09679e\u00a0\u00bb border_width_top=\u00a0\u00bb7px\u00a0\u00bb box_shadow_style=\u00a0\u00bbpreset1&Prime; border_color_top=\u00a0\u00bb#094ea3&Prime;][\/et_pb_post_slider][\/et_pb_column][\/et_pb_row][et_pb_row _builder_version=\u00a0\u00bb3.21.4&Prime;][et_pb_column type=\u00a0\u00bb4_4&Prime; _builder_version=\u00a0\u00bb3.21.4&Prime;][et_pb_blog fullwidth=\u00a0\u00bboff\u00a0\u00bb posts_number=\u00a0\u00bb9999&Prime; include_categories=\u00a0\u00bb10&Prime; offset_number=\u00a0\u00bb3&Prime; _builder_version=\u00a0\u00bb3.21.4&Prime; header_font=\u00a0\u00bbQuicksand||||||||\u00a0\u00bb border_radii=\u00a0\u00bb|50px||50px|\u00a0\u00bb border_width_top=\u00a0\u00bb7px\u00a0\u00bb border_color_top=\u00a0\u00bb#09679e\u00a0\u00bb box_shadow_style=\u00a0\u00bbpreset1&Prime; body_font=\u00a0\u00bb||||||||\u00a0\u00bb header_text_color=\u00a0\u00bb#09679e\u00a0\u00bb][\/et_pb_blog][\/et_pb_column][\/et_pb_row][\/et_pb_section]<\/p>\n","protected":false},"excerpt":{"rendered":"<p>&#8230; But seriously&#8230; (r\u00e9f\u00e9rence) C&rsquo;est le titre d&rsquo;un album de Phil Collins, celui dans lequel se trouve le titre \u00ab\u00a0Another Day in Paradise\u00a0\u00bb.\u00a0 Un toit sur ma t\u00eate, un lit confortable et des repas \u00e9quilibr\u00e9s&#8230; J&rsquo;ai de la chance ! Si je mets un point d&rsquo;honneur \u00e0 garder le sourire en toute situation et \u00e0 [&hellip;]<\/p>\n","protected":false},"author":1,"featured_media":0,"parent":0,"menu_order":0,"comment_status":"closed","ping_status":"closed","template":"","meta":{"_et_pb_use_builder":"on","_et_pb_old_content":"","_et_gb_content_width":"","footnotes":""},"yoast_head":"<!-- This site is optimized with the Yoast SEO plugin v20.13 - https:\/\/yoast.com\/wordpress\/plugins\/seo\/ -->\n<title>But seriously - Miss Mad<\/title>\n<meta name=\"robots\" content=\"index, follow, max-snippet:-1, max-image-preview:large, max-video-preview:-1\" \/>\n<link rel=\"canonical\" href=\"https:\/\/www.audreyrochas.com\/missmad\/but-seriously\/\" \/>\n<meta property=\"og:locale\" content=\"fr_FR\" \/>\n<meta property=\"og:type\" content=\"article\" \/>\n<meta property=\"og:title\" content=\"But seriously - Miss Mad\" \/>\n<meta property=\"og:description\" content=\"... But seriously... (r\u00e9f\u00e9rence) C&#039;est le titre d&#039;un album de Phil Collins, celui dans lequel se trouve le titre &quot;Another Day in Paradise&quot;.\u00a0 Un toit sur ma t\u00eate, un lit confortable et des repas \u00e9quilibr\u00e9s... J&#039;ai de la chance ! Si je mets un point d&#039;honneur \u00e0 garder le sourire en toute situation et \u00e0 [&hellip;]\" \/>\n<meta property=\"og:url\" content=\"https:\/\/www.audreyrochas.com\/missmad\/but-seriously\/\" \/>\n<meta property=\"og:site_name\" content=\"Miss Mad\" \/>\n<meta property=\"article:modified_time\" content=\"2020-04-16T11:28:28+00:00\" \/>\n<meta name=\"twitter:card\" content=\"summary_large_image\" \/>\n<meta name=\"twitter:label1\" content=\"Dur\u00e9e de lecture estim\u00e9e\" \/>\n\t<meta name=\"twitter:data1\" content=\"2 minutes\" \/>\n<script type=\"application\/ld+json\" class=\"yoast-schema-graph\">{\"@context\":\"https:\/\/schema.org\",\"@graph\":[{\"@type\":\"WebPage\",\"@id\":\"https:\/\/www.audreyrochas.com\/missmad\/but-seriously\/\",\"url\":\"https:\/\/www.audreyrochas.com\/missmad\/but-seriously\/\",\"name\":\"But seriously - Miss Mad\",\"isPartOf\":{\"@id\":\"https:\/\/www.audreyrochas.com\/missmad\/#website\"},\"datePublished\":\"2020-04-15T18:21:37+00:00\",\"dateModified\":\"2020-04-16T11:28:28+00:00\",\"breadcrumb\":{\"@id\":\"https:\/\/www.audreyrochas.com\/missmad\/but-seriously\/#breadcrumb\"},\"inLanguage\":\"fr-FR\",\"potentialAction\":[{\"@type\":\"ReadAction\",\"target\":[\"https:\/\/www.audreyrochas.com\/missmad\/but-seriously\/\"]}]},{\"@type\":\"BreadcrumbList\",\"@id\":\"https:\/\/www.audreyrochas.com\/missmad\/but-seriously\/#breadcrumb\",\"itemListElement\":[{\"@type\":\"ListItem\",\"position\":1,\"name\":\"Accueil\",\"item\":\"https:\/\/www.audreyrochas.com\/missmad\/\"},{\"@type\":\"ListItem\",\"position\":2,\"name\":\"But seriously\"}]},{\"@type\":\"WebSite\",\"@id\":\"https:\/\/www.audreyrochas.com\/missmad\/#website\",\"url\":\"https:\/\/www.audreyrochas.com\/missmad\/\",\"name\":\"Miss Mad\",\"description\":\"\",\"potentialAction\":[{\"@type\":\"SearchAction\",\"target\":{\"@type\":\"EntryPoint\",\"urlTemplate\":\"https:\/\/www.audreyrochas.com\/missmad\/?s={search_term_string}\"},\"query-input\":\"required name=search_term_string\"}],\"inLanguage\":\"fr-FR\"}]}<\/script>\n<!-- \/ Yoast SEO plugin. -->","yoast_head_json":{"title":"But seriously - Miss Mad","robots":{"index":"index","follow":"follow","max-snippet":"max-snippet:-1","max-image-preview":"max-image-preview:large","max-video-preview":"max-video-preview:-1"},"canonical":"https:\/\/www.audreyrochas.com\/missmad\/but-seriously\/","og_locale":"fr_FR","og_type":"article","og_title":"But seriously - Miss Mad","og_description":"... But seriously... (r\u00e9f\u00e9rence) C'est le titre d'un album de Phil Collins, celui dans lequel se trouve le titre \"Another Day in Paradise\".\u00a0 Un toit sur ma t\u00eate, un lit confortable et des repas \u00e9quilibr\u00e9s... J'ai de la chance ! Si je mets un point d'honneur \u00e0 garder le sourire en toute situation et \u00e0 [&hellip;]","og_url":"https:\/\/www.audreyrochas.com\/missmad\/but-seriously\/","og_site_name":"Miss Mad","article_modified_time":"2020-04-16T11:28:28+00:00","twitter_card":"summary_large_image","twitter_misc":{"Dur\u00e9e de lecture estim\u00e9e":"2 minutes"},"schema":{"@context":"https:\/\/schema.org","@graph":[{"@type":"WebPage","@id":"https:\/\/www.audreyrochas.com\/missmad\/but-seriously\/","url":"https:\/\/www.audreyrochas.com\/missmad\/but-seriously\/","name":"But seriously - Miss Mad","isPartOf":{"@id":"https:\/\/www.audreyrochas.com\/missmad\/#website"},"datePublished":"2020-04-15T18:21:37+00:00","dateModified":"2020-04-16T11:28:28+00:00","breadcrumb":{"@id":"https:\/\/www.audreyrochas.com\/missmad\/but-seriously\/#breadcrumb"},"inLanguage":"fr-FR","potentialAction":[{"@type":"ReadAction","target":["https:\/\/www.audreyrochas.com\/missmad\/but-seriously\/"]}]},{"@type":"BreadcrumbList","@id":"https:\/\/www.audreyrochas.com\/missmad\/but-seriously\/#breadcrumb","itemListElement":[{"@type":"ListItem","position":1,"name":"Accueil","item":"https:\/\/www.audreyrochas.com\/missmad\/"},{"@type":"ListItem","position":2,"name":"But seriously"}]},{"@type":"WebSite","@id":"https:\/\/www.audreyrochas.com\/missmad\/#website","url":"https:\/\/www.audreyrochas.com\/missmad\/","name":"Miss Mad","description":"","potentialAction":[{"@type":"SearchAction","target":{"@type":"EntryPoint","urlTemplate":"https:\/\/www.audreyrochas.com\/missmad\/?s={search_term_string}"},"query-input":"required name=search_term_string"}],"inLanguage":"fr-FR"}]}},"_links":{"self":[{"href":"https:\/\/www.audreyrochas.com\/missmad\/wp-json\/wp\/v2\/pages\/5795"}],"collection":[{"href":"https:\/\/www.audreyrochas.com\/missmad\/wp-json\/wp\/v2\/pages"}],"about":[{"href":"https:\/\/www.audreyrochas.com\/missmad\/wp-json\/wp\/v2\/types\/page"}],"author":[{"embeddable":true,"href":"https:\/\/www.audreyrochas.com\/missmad\/wp-json\/wp\/v2\/users\/1"}],"replies":[{"embeddable":true,"href":"https:\/\/www.audreyrochas.com\/missmad\/wp-json\/wp\/v2\/comments?post=5795"}],"version-history":[{"count":5,"href":"https:\/\/www.audreyrochas.com\/missmad\/wp-json\/wp\/v2\/pages\/5795\/revisions"}],"predecessor-version":[{"id":5832,"href":"https:\/\/www.audreyrochas.com\/missmad\/wp-json\/wp\/v2\/pages\/5795\/revisions\/5832"}],"wp:attachment":[{"href":"https:\/\/www.audreyrochas.com\/missmad\/wp-json\/wp\/v2\/media?parent=5795"}],"curies":[{"name":"wp","href":"https:\/\/api.w.org\/{rel}","templated":true}]}}