{"id":5758,"date":"2020-04-14T15:22:51","date_gmt":"2020-04-14T13:22:51","guid":{"rendered":"https:\/\/audreyrochas.com\/missmad\/?page_id=5758"},"modified":"2020-04-14T20:12:42","modified_gmt":"2020-04-14T18:12:42","slug":"atomic-brunette","status":"publish","type":"page","link":"https:\/\/www.audreyrochas.com\/missmad\/atomic-brunette\/","title":{"rendered":"Atomic brunette"},"content":{"rendered":"<p>[et_pb_section fb_built=\u00a0\u00bb1&Prime; fullwidth=\u00a0\u00bbon\u00a0\u00bb _builder_version=\u00a0\u00bb3.21.4&Prime; bottom_divider_style=\u00a0\u00bbwaves2&Prime; bottom_divider_color=\u00a0\u00bb#ffffff\u00a0\u00bb][et_pb_fullwidth_header title=\u00a0\u00bbAtomic brunette\u00a0\u00bb background_overlay_color=\u00a0\u00bbrgba(0,0,0,0.26)\u00a0\u00bb header_image_url=\u00a0\u00bbhttps:\/\/audreyrochas.com\/missmad\/wp-content\/uploads\/sites\/5\/2020\/04\/Atomique-star-light.jpg\u00a0\u00bb _builder_version=\u00a0\u00bb3.21.4&Prime; use_background_color_gradient=\u00a0\u00bbon\u00a0\u00bb background_image=\u00a0\u00bbhttps:\/\/audreyrochas.com\/missmad\/wp-content\/uploads\/sites\/5\/2020\/04\/Atomique-star-light.jpg\u00a0\u00bb child_mix_blend_mode=\u00a0\u00bbmultiply\u00a0\u00bb animation_style=\u00a0\u00bbfade\u00a0\u00bb title_level=\u00a0\u00bbh2&Prime; title_font_size=\u00a0\u00bb50px\u00a0\u00bb content_font_size=\u00a0\u00bb15px\u00a0\u00bb title_font=\u00a0\u00bb||||||||\u00a0\u00bb content_font=\u00a0\u00bb||||||||\u00a0\u00bb subhead=\u00a0\u00bbSurveillez vos arri\u00e8res : la brunette ne se laissera pas faire..!\u00a0\u00bb subhead_font=\u00a0\u00bbQuicksand||||||||\u00a0\u00bb subhead_font_size=\u00a0\u00bb25px\u00a0\u00bb]<\/p>\n<p>Ce n&rsquo;est pas parce qu&rsquo;on aime le rose qu&rsquo;on est un gentil chaton. Vous trouverez ici mes coups de gueule. Je m&rsquo;\u00e9nerve un peu, beaucoup&#8230; mais j&rsquo;me soigne (ou pas).<\/p>\n<p>[\/et_pb_fullwidth_header][\/et_pb_section][et_pb_section fb_built=\u00a0\u00bb1&Prime; _builder_version=\u00a0\u00bb3.21.4&Prime; background_size=\u00a0\u00bbinitial\u00a0\u00bb background_repeat=\u00a0\u00bbrepeat\u00a0\u00bb][et_pb_row _builder_version=\u00a0\u00bb3.21.4&Prime;][et_pb_column type=\u00a0\u00bb2_5&Prime; _builder_version=\u00a0\u00bb3.21.4&Prime;][et_pb_text _builder_version=\u00a0\u00bb3.21.4&Prime; header_font=\u00a0\u00bb||||||||\u00a0\u00bb header_2_font=\u00a0\u00bbArabella||||||||\u00a0\u00bb header_2_font_size=\u00a0\u00bb45px\u00a0\u00bb header_3_font=\u00a0\u00bbQuicksand||||||||\u00a0\u00bb]<\/p>\n<h2>Et si on arr\u00eatait de se mentir..?<\/h2>\n<p>Rien ne tourne vraiment rond : h\u00e9r\u00e9sie environnementale, manque de civisme, de politesse, \u00e9ducation \u00e0 la tra\u00eene&#8230; Vous en voulez encore ?<\/p>\n<h3>Hypocrisie et langue de bois ne passeront pas par moi<\/h3>\n<p>Ici, je dis ce que je veux, comme je veux, sur qui je veux. Je me moque, je me gausse, je m&rsquo;insurge et parfois m\u00eame je balance. Parce que \u00e7a fait du bien de dire tout haut ce que tout le monde chuchote dans les d\u00eeners.<\/p>\n<h3>Quelques r\u00e8gles d&rsquo;\u00e9thique personnelle<\/h3>\n<ol>\n<li>Je ne joue pas la carte \u00ab\u00a0tendance\u00a0\u00bb<\/li>\n<li>Je donne mon avis, qu&rsquo;il plaise ou pas, qu&rsquo;il fasse consensus ou non<\/li>\n<li>Je ne me moque pas gratuitement<\/li>\n<li>Je partage aussi des petits trucs pas forc\u00e9ment politiquement corrects, mais tellements bons..!<\/li>\n<\/ol>\n<p>[\/et_pb_text][\/et_pb_column][et_pb_column type=\u00a0\u00bb3_5&Prime; _builder_version=\u00a0\u00bb3.21.4&Prime;][et_pb_post_slider posts_number=\u00a0\u00bb3&Prime; include_categories=\u00a0\u00bb248&Prime; more_text=\u00a0\u00bbLire plus&#8230;\u00a0\u00bb _builder_version=\u00a0\u00bb3.21.4&Prime; border_radii=\u00a0\u00bb|50px||50px|\u00a0\u00bb border_color_all=\u00a0\u00bbrgba(0,0,0,0)\u00a0\u00bb border_style_all=\u00a0\u00bbdouble\u00a0\u00bb box_shadow_style=\u00a0\u00bbpreset1&Prime; border_width_top=\u00a0\u00bb7px\u00a0\u00bb][\/et_pb_post_slider][\/et_pb_column][\/et_pb_row][et_pb_row _builder_version=\u00a0\u00bb3.21.4&Prime;][et_pb_column type=\u00a0\u00bb4_4&Prime; _builder_version=\u00a0\u00bb3.21.4&Prime;][et_pb_blog fullwidth=\u00a0\u00bboff\u00a0\u00bb posts_number=\u00a0\u00bb9999&Prime; include_categories=\u00a0\u00bb248&Prime; offset_number=\u00a0\u00bb3&Prime; _builder_version=\u00a0\u00bb3.21.4&Prime; border_radii=\u00a0\u00bb|50px||50px|\u00a0\u00bb border_width_top=\u00a0\u00bb7px\u00a0\u00bb border_color_top=\u00a0\u00bb#F70070&Prime; box_shadow_style=\u00a0\u00bbpreset1&Prime; header_font=\u00a0\u00bbQuicksand||||||||\u00a0\u00bb][\/et_pb_blog][\/et_pb_column][\/et_pb_row][\/et_pb_section]<\/p>\n","protected":false},"excerpt":{"rendered":"<p>Ce n&rsquo;est pas parce qu&rsquo;on aime le rose qu&rsquo;on est un gentil chaton. Vous trouverez ici mes coups de gueule. Je m&rsquo;\u00e9nerve un peu, beaucoup&#8230; mais j&rsquo;me soigne (ou pas). Et si on arr\u00eatait de se mentir..? Rien ne tourne vraiment rond : h\u00e9r\u00e9sie environnementale, manque de civisme, de politesse, \u00e9ducation \u00e0 la tra\u00eene&#8230; Vous [&hellip;]<\/p>\n","protected":false},"author":1,"featured_media":0,"parent":0,"menu_order":0,"comment_status":"closed","ping_status":"closed","template":"","meta":{"_et_pb_use_builder":"on","_et_pb_old_content":"","_et_gb_content_width":"","footnotes":""},"yoast_head":"<!-- This site is optimized with the Yoast SEO plugin v20.13 - https:\/\/yoast.com\/wordpress\/plugins\/seo\/ -->\n<title>Atomic brunette - Miss Mad<\/title>\n<meta name=\"robots\" content=\"index, follow, max-snippet:-1, max-image-preview:large, max-video-preview:-1\" \/>\n<link rel=\"canonical\" href=\"https:\/\/www.audreyrochas.com\/missmad\/atomic-brunette\/\" \/>\n<meta property=\"og:locale\" content=\"fr_FR\" \/>\n<meta property=\"og:type\" content=\"article\" \/>\n<meta property=\"og:title\" content=\"Atomic brunette - Miss Mad\" \/>\n<meta property=\"og:description\" content=\"Ce n&#039;est pas parce qu&#039;on aime le rose qu&#039;on est un gentil chaton. Vous trouverez ici mes coups de gueule. Je m&#039;\u00e9nerve un peu, beaucoup... mais j&#039;me soigne (ou pas). Et si on arr\u00eatait de se mentir..? Rien ne tourne vraiment rond : h\u00e9r\u00e9sie environnementale, manque de civisme, de politesse, \u00e9ducation \u00e0 la tra\u00eene... Vous [&hellip;]\" \/>\n<meta property=\"og:url\" content=\"https:\/\/www.audreyrochas.com\/missmad\/atomic-brunette\/\" \/>\n<meta property=\"og:site_name\" content=\"Miss Mad\" \/>\n<meta property=\"article:modified_time\" content=\"2020-04-14T18:12:42+00:00\" \/>\n<meta name=\"twitter:card\" content=\"summary_large_image\" \/>\n<meta name=\"twitter:label1\" content=\"Dur\u00e9e de lecture estim\u00e9e\" \/>\n\t<meta name=\"twitter:data1\" content=\"2 minutes\" \/>\n<script type=\"application\/ld+json\" class=\"yoast-schema-graph\">{\"@context\":\"https:\/\/schema.org\",\"@graph\":[{\"@type\":\"WebPage\",\"@id\":\"https:\/\/www.audreyrochas.com\/missmad\/atomic-brunette\/\",\"url\":\"https:\/\/www.audreyrochas.com\/missmad\/atomic-brunette\/\",\"name\":\"Atomic brunette - Miss Mad\",\"isPartOf\":{\"@id\":\"https:\/\/www.audreyrochas.com\/missmad\/#website\"},\"datePublished\":\"2020-04-14T13:22:51+00:00\",\"dateModified\":\"2020-04-14T18:12:42+00:00\",\"breadcrumb\":{\"@id\":\"https:\/\/www.audreyrochas.com\/missmad\/atomic-brunette\/#breadcrumb\"},\"inLanguage\":\"fr-FR\",\"potentialAction\":[{\"@type\":\"ReadAction\",\"target\":[\"https:\/\/www.audreyrochas.com\/missmad\/atomic-brunette\/\"]}]},{\"@type\":\"BreadcrumbList\",\"@id\":\"https:\/\/www.audreyrochas.com\/missmad\/atomic-brunette\/#breadcrumb\",\"itemListElement\":[{\"@type\":\"ListItem\",\"position\":1,\"name\":\"Accueil\",\"item\":\"https:\/\/www.audreyrochas.com\/missmad\/\"},{\"@type\":\"ListItem\",\"position\":2,\"name\":\"Atomic brunette\"}]},{\"@type\":\"WebSite\",\"@id\":\"https:\/\/www.audreyrochas.com\/missmad\/#website\",\"url\":\"https:\/\/www.audreyrochas.com\/missmad\/\",\"name\":\"Miss Mad\",\"description\":\"\",\"potentialAction\":[{\"@type\":\"SearchAction\",\"target\":{\"@type\":\"EntryPoint\",\"urlTemplate\":\"https:\/\/www.audreyrochas.com\/missmad\/?s={search_term_string}\"},\"query-input\":\"required name=search_term_string\"}],\"inLanguage\":\"fr-FR\"}]}<\/script>\n<!-- \/ Yoast SEO plugin. -->","yoast_head_json":{"title":"Atomic brunette - Miss Mad","robots":{"index":"index","follow":"follow","max-snippet":"max-snippet:-1","max-image-preview":"max-image-preview:large","max-video-preview":"max-video-preview:-1"},"canonical":"https:\/\/www.audreyrochas.com\/missmad\/atomic-brunette\/","og_locale":"fr_FR","og_type":"article","og_title":"Atomic brunette - Miss Mad","og_description":"Ce n'est pas parce qu'on aime le rose qu'on est un gentil chaton. Vous trouverez ici mes coups de gueule. Je m'\u00e9nerve un peu, beaucoup... mais j'me soigne (ou pas). Et si on arr\u00eatait de se mentir..? Rien ne tourne vraiment rond : h\u00e9r\u00e9sie environnementale, manque de civisme, de politesse, \u00e9ducation \u00e0 la tra\u00eene... Vous [&hellip;]","og_url":"https:\/\/www.audreyrochas.com\/missmad\/atomic-brunette\/","og_site_name":"Miss Mad","article_modified_time":"2020-04-14T18:12:42+00:00","twitter_card":"summary_large_image","twitter_misc":{"Dur\u00e9e de lecture estim\u00e9e":"2 minutes"},"schema":{"@context":"https:\/\/schema.org","@graph":[{"@type":"WebPage","@id":"https:\/\/www.audreyrochas.com\/missmad\/atomic-brunette\/","url":"https:\/\/www.audreyrochas.com\/missmad\/atomic-brunette\/","name":"Atomic brunette - Miss Mad","isPartOf":{"@id":"https:\/\/www.audreyrochas.com\/missmad\/#website"},"datePublished":"2020-04-14T13:22:51+00:00","dateModified":"2020-04-14T18:12:42+00:00","breadcrumb":{"@id":"https:\/\/www.audreyrochas.com\/missmad\/atomic-brunette\/#breadcrumb"},"inLanguage":"fr-FR","potentialAction":[{"@type":"ReadAction","target":["https:\/\/www.audreyrochas.com\/missmad\/atomic-brunette\/"]}]},{"@type":"BreadcrumbList","@id":"https:\/\/www.audreyrochas.com\/missmad\/atomic-brunette\/#breadcrumb","itemListElement":[{"@type":"ListItem","position":1,"name":"Accueil","item":"https:\/\/www.audreyrochas.com\/missmad\/"},{"@type":"ListItem","position":2,"name":"Atomic brunette"}]},{"@type":"WebSite","@id":"https:\/\/www.audreyrochas.com\/missmad\/#website","url":"https:\/\/www.audreyrochas.com\/missmad\/","name":"Miss Mad","description":"","potentialAction":[{"@type":"SearchAction","target":{"@type":"EntryPoint","urlTemplate":"https:\/\/www.audreyrochas.com\/missmad\/?s={search_term_string}"},"query-input":"required name=search_term_string"}],"inLanguage":"fr-FR"}]}},"_links":{"self":[{"href":"https:\/\/www.audreyrochas.com\/missmad\/wp-json\/wp\/v2\/pages\/5758"}],"collection":[{"href":"https:\/\/www.audreyrochas.com\/missmad\/wp-json\/wp\/v2\/pages"}],"about":[{"href":"https:\/\/www.audreyrochas.com\/missmad\/wp-json\/wp\/v2\/types\/page"}],"author":[{"embeddable":true,"href":"https:\/\/www.audreyrochas.com\/missmad\/wp-json\/wp\/v2\/users\/1"}],"replies":[{"embeddable":true,"href":"https:\/\/www.audreyrochas.com\/missmad\/wp-json\/wp\/v2\/comments?post=5758"}],"version-history":[{"count":5,"href":"https:\/\/www.audreyrochas.com\/missmad\/wp-json\/wp\/v2\/pages\/5758\/revisions"}],"predecessor-version":[{"id":5770,"href":"https:\/\/www.audreyrochas.com\/missmad\/wp-json\/wp\/v2\/pages\/5758\/revisions\/5770"}],"wp:attachment":[{"href":"https:\/\/www.audreyrochas.com\/missmad\/wp-json\/wp\/v2\/media?parent=5758"}],"curies":[{"name":"wp","href":"https:\/\/api.w.org\/{rel}","templated":true}]}}