{"id":5282,"date":"2016-04-26T22:52:27","date_gmt":"2016-04-26T21:52:27","guid":{"rendered":"http:\/\/www.missmad.fr\/?page_id=5282"},"modified":"2020-06-28T00:46:31","modified_gmt":"2020-06-27T22:46:31","slug":"maison","status":"publish","type":"page","link":"https:\/\/www.audreyrochas.com\/missmad\/","title":{"rendered":"Maison"},"content":{"rendered":"<p>[et_pb_section fb_built=\u00a0\u00bb1&Prime; fullwidth=\u00a0\u00bbon\u00a0\u00bb _builder_version=\u00a0\u00bb3.22&Prime;][et_pb_fullwidth_image src=\u00a0\u00bbhttps:\/\/audreyrochas.com\/missmad\/wp-content\/uploads\/sites\/5\/2019\/04\/Miss-Mad-in-Paris-2.png\u00a0\u00bb _builder_version=\u00a0\u00bb3.21.4&Prime;][\/et_pb_fullwidth_image][\/et_pb_section][et_pb_section fb_built=\u00a0\u00bb1&Prime; specialty=\u00a0\u00bbon\u00a0\u00bb _builder_version=\u00a0\u00bb3.22&Prime; custom_padding=\u00a0\u00bb54px|0px|0|0px|false|false\u00a0\u00bb][et_pb_column type=\u00a0\u00bb1_2&Prime; _builder_version=\u00a0\u00bb3.25&Prime; custom_padding=\u00a0\u00bb|||\u00a0\u00bb custom_padding__hover=\u00a0\u00bb|||\u00a0\u00bb][et_pb_text _builder_version=\u00a0\u00bb3.27.4&Prime; text_font=\u00a0\u00bb||||||||\u00a0\u00bb text_font_size=\u00a0\u00bb17px\u00a0\u00bb]<\/p>\n<p style=\"text-align: center;\"><span><strong>Peut-on \u00eatre ind\u00e9pendante et farouchement amoureuse, r\u00eaveuse et compl\u00e8tement geek, fan de mode et de jeux vid\u00e9o, adulescente et \u00e0 la t\u00eate d\u2019une startup, aimer tourner les pages d\u2019un livre mais \u00eatre addict aux \u00e9crans ? Peut-\u00eatre\u2026 Ce qui est s\u00fbr, c&rsquo;est que Miss Mad est devenue une #LadyBoss (hashtag de rigueur) et n\u2019entre toujours pas dans les cases. Pour couronner le tout, elle a un avis sur tout (ou presque) et\u00a0 encore du mal avec la notion de consensus\u2026<\/strong><\/span><\/p>\n<p style=\"text-align: center;\"><span><strong><\/strong><\/span><\/p>\n<p style=\"text-align: center;\"><em>Mise en garde <\/em><\/p>\n<p style=\"text-align: center;\"><em>Attention, \u00e7a peut piquer. Miss Mad n&rsquo;est pas toujours tendre et n&rsquo;h\u00e9site pas \u00e0 dire ce qu&rsquo;elle pense, politiquement correct ou pas. Appelez \u00e7a un d\u00e9fouloir, un exutoire, mais pas un moratoire. Vous pouvez ne pas \u00eatre d&rsquo;accord avec elle &#8211; elle ne l&rsquo;est souvent pas avec vous &#8211; mais plut\u00f4t que de l&rsquo;insulter, n&rsquo;h\u00e9sitez pas \u00e0 discuter. Peut-\u00eatre m\u00eame que vous la ferez changer d&rsquo;avis, qui sait&#8230;<\/em><span><strong><\/strong><\/span><\/p>\n<p><span><strong><\/strong><\/span><\/p>\n<p>[\/et_pb_text][\/et_pb_column][et_pb_column type=\u00a0\u00bb1_2&Prime; specialty_columns=\u00a0\u00bb2&Prime; _builder_version=\u00a0\u00bb3.25&Prime; custom_padding=\u00a0\u00bb|||\u00a0\u00bb custom_padding__hover=\u00a0\u00bb|||\u00a0\u00bb][et_pb_row_inner _builder_version=\u00a0\u00bb3.25&Prime; custom_padding=\u00a0\u00bb29.6953px|0px|0|0px|false|false\u00a0\u00bb][et_pb_column_inner saved_specialty_column_type=\u00a0\u00bb1_2&Prime; _builder_version=\u00a0\u00bb3.25&Prime; custom_padding=\u00a0\u00bb|||\u00a0\u00bb custom_padding__hover=\u00a0\u00bb|||\u00a0\u00bb][et_pb_text _builder_version=\u00a0\u00bb4.4.8&Prime; header_font=\u00a0\u00bb||||||||\u00a0\u00bb header_2_font=\u00a0\u00bbArabella titres||||||||\u00a0\u00bb header_2_font_size=\u00a0\u00bb40px\u00a0\u00bb hover_enabled=\u00a0\u00bb0&Prime;]<\/p>\n<h2 style=\"text-align: center;\">Portrait en hashtags<\/h2>\n<p>[\/et_pb_text][\/et_pb_column_inner][\/et_pb_row_inner][et_pb_row_inner _builder_version=\u00a0\u00bb3.25&Prime; custom_padding=\u00a0\u00bb24px|0px|29.6953px|0px|false|false\u00a0\u00bb column_structure=\u00a0\u00bb1_2,1_2&Prime;][et_pb_column_inner type=\u00a0\u00bb1_2&Prime; saved_specialty_column_type=\u00a0\u00bb1_2&Prime; _builder_version=\u00a0\u00bb3.25&Prime; custom_padding=\u00a0\u00bb|||\u00a0\u00bb custom_padding__hover=\u00a0\u00bb|||\u00a0\u00bb][et_pb_text _builder_version=\u00a0\u00bb3.27.4&Prime; header_font=\u00a0\u00bb||||||||\u00a0\u00bb header_2_font=\u00a0\u00bbArabella||||||||\u00a0\u00bb header_2_text_color=\u00a0\u00bb#f70077&Prime; header_2_font_size=\u00a0\u00bb35px\u00a0\u00bb header_3_font=\u00a0\u00bb||||||||\u00a0\u00bb header_3_font_size=\u00a0\u00bb30px\u00a0\u00bb]<\/p>\n<h3 style=\"text-align: center;\">#Daydreamer<\/h3>\n<p style=\"text-align: center;\">Les pieds sur Terre, la t\u00eate dans les \u00e9toiles\u2026\u00a0C\u2019est en passant sont temps \u00e0 r\u00eaver qu\u2019on imagine demain, et apr\u00e8s-demain, et le jour d\u2019apr\u00e8s\u2026<\/p>\n<p>[\/et_pb_text][et_pb_text _builder_version=\u00a0\u00bb3.27.4&Prime; header_font=\u00a0\u00bb||||||||\u00a0\u00bb header_2_font=\u00a0\u00bbArabella||||||||\u00a0\u00bb header_2_text_color=\u00a0\u00bb#f70077&Prime; header_2_font_size=\u00a0\u00bb35px\u00a0\u00bb header_3_font=\u00a0\u00bb||||||||\u00a0\u00bb header_3_font_size=\u00a0\u00bb30px\u00a0\u00bb]<\/p>\n<h3 style=\"text-align: center;\">#Attachiante<\/h3>\n<p style=\"text-align: center;\"><span style=\"color: #444444; font-size: 14px; background-color: #ffffff;\">Des id\u00e9es bien arr\u00eat\u00e9es, des opinions qui ne font pas l\u2019unanimit\u00e9, des coups de gueule\u2026 De quoi se faire plein de nouveau ennemis en\u00a0moins de temps qu\u2019il n\u2019en faut pour l\u2019\u00e9crire !<\/span><\/p>\n<p>[\/et_pb_text][\/et_pb_column_inner][et_pb_column_inner type=\u00a0\u00bb1_2&Prime; saved_specialty_column_type=\u00a0\u00bb1_2&Prime; _builder_version=\u00a0\u00bb3.25&Prime; custom_padding=\u00a0\u00bb|||\u00a0\u00bb custom_padding__hover=\u00a0\u00bb|||\u00a0\u00bb][et_pb_text _builder_version=\u00a0\u00bb3.27.4&Prime; header_font=\u00a0\u00bb||||||||\u00a0\u00bb header_2_font=\u00a0\u00bbArabella||||||||\u00a0\u00bb header_2_text_color=\u00a0\u00bb#f70077&Prime; header_2_font_size=\u00a0\u00bb35px\u00a0\u00bb header_3_font=\u00a0\u00bb||||||||\u00a0\u00bb header_3_font_size=\u00a0\u00bb30px\u00a0\u00bb]<\/p>\n<h3 style=\"text-align: center;\">#DigitalButterfly<\/h3>\n<p style=\"text-align: center;\"><span style=\"color: #444444; font-size: 14px; background-color: #ffffff;\">Papillonner d\u2019un r\u00e9seau \u00e0 l\u2019autre, d\u2019un site \u00e0 l\u2019autre, d\u2019un profil \u00e0 l\u2019autre\u2026 Ne pas s\u2019y perdre, trouver des p\u00e9pites, se casser les dents sur des cauchemars\u2026<\/span><\/p>\n<p>[\/et_pb_text][et_pb_text _builder_version=\u00a0\u00bb3.27.4&Prime; header_font=\u00a0\u00bb||||||||\u00a0\u00bb header_2_font=\u00a0\u00bbArabella||||||||\u00a0\u00bb header_2_text_color=\u00a0\u00bb#f70077&Prime; header_2_font_size=\u00a0\u00bb35px\u00a0\u00bb header_3_font=\u00a0\u00bb||||||||\u00a0\u00bb header_3_font_size=\u00a0\u00bb30px\u00a0\u00bb]<\/p>\n<h3 style=\"text-align: center;\">#JustAGirl<\/h3>\n<p style=\"text-align: center;\"><span style=\"color: #444444; font-size: 14px; background-color: #ffffff;\">Ni Wonder Woman, ni Supergirl, juste une femme de son temps qui suit sa vie, trace sa route et fait des d\u00e9tours. Parce qu\u2019il n\u2019y a rien de plus ennuyeux qu\u2019une ligne droite !<\/span><\/p>\n<p>[\/et_pb_text][\/et_pb_column_inner][\/et_pb_row_inner][\/et_pb_column][\/et_pb_section][et_pb_section fb_built=\u00a0\u00bb1&Prime; _builder_version=\u00a0\u00bb3.22&Prime; use_background_color_gradient=\u00a0\u00bbon\u00a0\u00bb background_color_gradient_start=\u00a0\u00bbrgba(252,248,10,0.26)\u00a0\u00bb background_color_gradient_end=\u00a0\u00bb#ffb2ed\u00a0\u00bb background_color_gradient_direction=\u00a0\u00bb135deg\u00a0\u00bb custom_padding=\u00a0\u00bb1px|0px|2px|0px|false|false\u00a0\u00bb][et_pb_row _builder_version=\u00a0\u00bb3.25&Prime; custom_padding=\u00a0\u00bb27px|0px|50px|0px|false|false\u00a0\u00bb][et_pb_column type=\u00a0\u00bb4_4&Prime; _builder_version=\u00a0\u00bb3.25&Prime; custom_padding=\u00a0\u00bb|||\u00a0\u00bb custom_padding__hover=\u00a0\u00bb|||\u00a0\u00bb][et_pb_text _builder_version=\u00a0\u00bb3.27.4&Prime; header_font=\u00a0\u00bb||||||||\u00a0\u00bb header_2_font=\u00a0\u00bb||||||||\u00a0\u00bb header_2_font_size=\u00a0\u00bb40px\u00a0\u00bb]<\/p>\n<h2>Derniers articles<\/h2>\n<p>[\/et_pb_text][et_pb_post_slider posts_number=\u00a0\u00bb5&Prime; include_categories=\u00a0\u00bb14,248,10,246,249&Prime; more_text=\u00a0\u00bbLire la suite&#8230;\u00a0\u00bb _builder_version=\u00a0\u00bb3.21.4&Prime;][\/et_pb_post_slider][\/et_pb_column][\/et_pb_row][\/et_pb_section][et_pb_section fb_built=\u00a0\u00bb1&Prime; _builder_version=\u00a0\u00bb3.22&Prime; background_image=\u00a0\u00bbhttps:\/\/audreyrochas.com\/missmad\/wp-content\/uploads\/sites\/5\/2020\/04\/Background-ovale.png\u00a0\u00bb custom_padding=\u00a0\u00bb58px|0px|54px|0px|false|false\u00a0\u00bb][et_pb_row _builder_version=\u00a0\u00bb3.25&Prime; column_structure=\u00a0\u00bb1_5,1_5,1_5,1_5,1_5&Prime;][et_pb_column type=\u00a0\u00bb1_5&Prime; _builder_version=\u00a0\u00bb3.25&Prime; custom_padding=\u00a0\u00bb|||\u00a0\u00bb custom_padding__hover=\u00a0\u00bb|||\u00a0\u00bb][et_pb_text _builder_version=\u00a0\u00bb3.27.4&Prime; header_font=\u00a0\u00bb||||||||\u00a0\u00bb header_3_font=\u00a0\u00bb||||||||\u00a0\u00bb header_3_font_size=\u00a0\u00bb30px\u00a0\u00bb custom_padding=\u00a0\u00bb7px|7px|7px|7px\u00a0\u00bb link_option_url=\u00a0\u00bbhttps:\/\/audreyrochas.com\/missmad\/ladyboss\/\u00a0\u00bb border_radii=\u00a0\u00bb|20px||20px|\u00a0\u00bb border_width_all=\u00a0\u00bb2px\u00a0\u00bb border_color_all=\u00a0\u00bb#ffdd00&Prime; border_style_all=\u00a0\u00bbdouble\u00a0\u00bb border_width_top=\u00a0\u00bb7px\u00a0\u00bb border_color_top=\u00a0\u00bb#F70070&Prime; box_shadow_style=\u00a0\u00bbpreset1&Prime;]<\/p>\n<h3>#LadyBoss<\/h3>\n<p>Cette rubrique aurait pu s&rsquo;intituler \u00ab\u00a0Vis ma vie d&rsquo;entrepreneure\u00a0\u00bb, mais #LadyBoss \u00e7a claque plus et&#8230; c&rsquo;est plus moi.<\/p>\n<p>I<span>&lsquo;m the boss and&#8230; I&rsquo;m a lady, baby! Take it or leave it.<\/span><\/p>\n<p>[\/et_pb_text][\/et_pb_column][et_pb_column type=\u00a0\u00bb1_5&Prime; _builder_version=\u00a0\u00bb3.25&Prime; custom_padding=\u00a0\u00bb|||\u00a0\u00bb custom_padding__hover=\u00a0\u00bb|||\u00a0\u00bb][et_pb_text _builder_version=\u00a0\u00bb3.27.4&Prime; header_font=\u00a0\u00bb||||||||\u00a0\u00bb header_3_font=\u00a0\u00bb||||||||\u00a0\u00bb header_3_font_size=\u00a0\u00bb30px\u00a0\u00bb custom_padding=\u00a0\u00bb7px|7px|7px|7px|true|true\u00a0\u00bb link_option_url=\u00a0\u00bbhttps:\/\/audreyrochas.com\/missmad\/atomic-brunette\/\u00a0\u00bb border_radii=\u00a0\u00bb|20px||20px|\u00a0\u00bb border_width_all=\u00a0\u00bb2px\u00a0\u00bb border_color_all=\u00a0\u00bb#ffdd00&Prime; border_style_all=\u00a0\u00bbdouble\u00a0\u00bb border_width_top=\u00a0\u00bb7px\u00a0\u00bb border_color_top=\u00a0\u00bb#F70070&Prime; box_shadow_style=\u00a0\u00bbpreset1&Prime;]<\/p>\n<h3>Atomic brunette<\/h3>\n<p>Avez-vous vu le film <em>Atomic Blonde<\/em> ? Voici la version \u00e9crite, brune et moins l\u00e9tale.<\/p>\n<p>La brunette l&rsquo;ouvre un peu, beaucoup, parfois trop, mais (presque) toujours avec le sourire.<\/p>\n<p>[\/et_pb_text][\/et_pb_column][et_pb_column type=\u00a0\u00bb1_5&Prime; _builder_version=\u00a0\u00bb3.25&Prime; custom_padding=\u00a0\u00bb|||\u00a0\u00bb custom_padding__hover=\u00a0\u00bb|||\u00a0\u00bb][et_pb_text _builder_version=\u00a0\u00bb3.27.4&Prime; header_font=\u00a0\u00bb||||||||\u00a0\u00bb header_3_font=\u00a0\u00bb||||||||\u00a0\u00bb header_3_font_size=\u00a0\u00bb30px\u00a0\u00bb custom_padding=\u00a0\u00bb7px|7px|7px|7px|true|true\u00a0\u00bb link_option_url=\u00a0\u00bbhttps:\/\/audreyrochas.com\/missmad\/but-seriously\/\u00a0\u00bb border_radii=\u00a0\u00bb|20px||20px|\u00a0\u00bb border_width_all=\u00a0\u00bb2px\u00a0\u00bb border_color_all=\u00a0\u00bb#ffdd00&Prime; border_style_all=\u00a0\u00bbdouble\u00a0\u00bb border_width_top=\u00a0\u00bb7px\u00a0\u00bb border_color_top=\u00a0\u00bb#F70070&Prime; box_shadow_style=\u00a0\u00bbpreset1&Prime;]<\/p>\n<h3>But seriously<\/h3>\n<p><span>Ni \u00e9ditorialiste, ni sp\u00e9cialiste politique, je suis juste un minimum cortiqu\u00e9e. Par les temps qui courent, \u00e7a me semble suffisant pour donner mon avis sur le monde qui m&rsquo;entoure.<\/span><\/p>\n<p>[\/et_pb_text][\/et_pb_column][et_pb_column type=\u00a0\u00bb1_5&Prime; _builder_version=\u00a0\u00bb3.25&Prime; custom_padding=\u00a0\u00bb|||\u00a0\u00bb custom_padding__hover=\u00a0\u00bb|||\u00a0\u00bb][et_pb_text _builder_version=\u00a0\u00bb3.27.4&Prime; header_font=\u00a0\u00bb||||||||\u00a0\u00bb header_3_font=\u00a0\u00bb||||||||\u00a0\u00bb header_3_font_size=\u00a0\u00bb30px\u00a0\u00bb custom_padding=\u00a0\u00bb7px|7px|7px|7px|true|true\u00a0\u00bb link_option_url=\u00a0\u00bbhttps:\/\/audreyrochas.com\/missmad\/fifty-shades-of-green\/\u00a0\u00bb border_radii=\u00a0\u00bb|20px||20px|\u00a0\u00bb border_width_all=\u00a0\u00bb2px\u00a0\u00bb border_color_all=\u00a0\u00bb#ffdd00&Prime; border_style_all=\u00a0\u00bbdouble\u00a0\u00bb border_width_top=\u00a0\u00bb7px\u00a0\u00bb border_color_top=\u00a0\u00bb#F70070&Prime; box_shadow_style=\u00a0\u00bbpreset1&Prime;]<\/p>\n<h3>Fifty shades of Green<\/h3>\n<p>Le BDSM, \u00e7a excite, sur grand \u00e9cran comme au format poche. Et si on rempla\u00e7ait le gris par le\u00a0<em>green<\/em>, en version soft pour ne perturber personne..? Histoire de s&rsquo;assurer un avenir.<\/p>\n<p>[\/et_pb_text][\/et_pb_column][et_pb_column type=\u00a0\u00bb1_5&Prime; _builder_version=\u00a0\u00bb3.25&Prime; custom_padding=\u00a0\u00bb|||\u00a0\u00bb custom_padding__hover=\u00a0\u00bb|||\u00a0\u00bb][et_pb_text _builder_version=\u00a0\u00bb3.27.4&Prime; header_font=\u00a0\u00bb||||||||\u00a0\u00bb header_3_font=\u00a0\u00bb||||||||\u00a0\u00bb header_3_font_size=\u00a0\u00bb30px\u00a0\u00bb custom_padding=\u00a0\u00bb7px|7px|7px|7px|true|true\u00a0\u00bb link_option_url=\u00a0\u00bbhttps:\/\/audreyrochas.com\/missmad\/la-dictature-de-la-poussette\/\u00a0\u00bb border_radii=\u00a0\u00bb|20px||20px|\u00a0\u00bb border_width_all=\u00a0\u00bb2px\u00a0\u00bb border_color_all=\u00a0\u00bb#ffdd00&Prime; border_style_all=\u00a0\u00bbdouble\u00a0\u00bb border_width_top=\u00a0\u00bb7px\u00a0\u00bb border_color_top=\u00a0\u00bb#F70070&Prime; box_shadow_style=\u00a0\u00bbpreset1&Prime;]<\/p>\n<h3>La dictature de la poussette<\/h3>\n<p>J&rsquo;aime les enfants. Quand ils sont bien \u00e9lev\u00e9s. Quand leurs parents ne se croient pas tout permis parce qu&rsquo;ils ont une prog\u00e9niture&#8230; D\u00e9nonciation d&rsquo;une dictature sournoise&#8230;<\/p>\n<p>[\/et_pb_text][\/et_pb_column][\/et_pb_row][\/et_pb_section]<\/p>\n","protected":false},"excerpt":{"rendered":"<p>Peut-on \u00eatre ind\u00e9pendante et farouchement amoureuse, r\u00eaveuse et compl\u00e8tement geek, fan de mode et de jeux vid\u00e9o, adulescente et \u00e0 la t\u00eate d\u2019une startup, aimer tourner les pages d\u2019un livre mais \u00eatre addict aux \u00e9crans ? Peut-\u00eatre\u2026 Ce qui est s\u00fbr, c&rsquo;est que Miss Mad est devenue une #LadyBoss (hashtag de rigueur) et n\u2019entre toujours [&hellip;]<\/p>\n","protected":false},"author":1,"featured_media":0,"parent":0,"menu_order":0,"comment_status":"closed","ping_status":"closed","template":"","meta":{"_et_pb_use_builder":"on","_et_pb_old_content":"[vc_row][vc_column][vc_column_text]<span class=\"text-shadow\"><strong><span class=\"text_linkcolor big-text\">Peut-on \u00eatre ind\u00e9pendante et farouchement amoureuse, r\u00eaveuse et compl\u00e8tement geek, fan de mode et de jeux vid\u00e9o, adulescente et \u00e0 la t\u00eate d'une startup, aimer tourner les pages d'un livre mais \u00eatre addict aux \u00e9crans ? Oui, non, peut-\u00eatre... Miss Mad est devenue une #LadyBoss (hashtag de rigueur) et n'entre toujours pas dans les cases. Et pour couronner le tout, elle a un avis sur tout (ou presque) et a encore du mal avec la notion de consensus...<\/span><\/strong><\/span>[\/vc_column_text][\/vc_column][\/vc_row][vc_row][vc_column width=\"1\/4\"][vc_icon type=\"linecons\" icon_linecons=\"vc_li vc_li-paperplane\" color=\"custom\" custom_color=\"#e30045\"][vc_custom_heading text=\"#Daydreamer\" use_theme_fonts=\"yes\"][vc_column_text]Les pieds sur Terre, la t\u00eate dans les \u00e9toiles...&nbsp;C'est en passant sont temps \u00e0 r\u00eaver qu'on imagine demain, et apr\u00e8s-demain, et le jour d'apr\u00e8s...[\/vc_column_text][\/vc_column][vc_column width=\"1\/4\"][vc_icon type=\"linecons\" icon_linecons=\"vc_li vc_li-fire\" color=\"custom\" custom_color=\"#e30045\"][vc_custom_heading text=\"#DigitalButterfly\" use_theme_fonts=\"yes\"][vc_column_text]Papillonner d'un r\u00e9seau \u00e0 l'autre, d'un site \u00e0 l'autre, d'un profil \u00e0 l'autre... Ne pas s'y perdre, trouver des p\u00e9pites, se casser les dents sur des cauchemars...[\/vc_column_text][\/vc_column][vc_column width=\"1\/4\"][vc_icon type=\"linecons\" color=\"custom\" custom_color=\"#e30045\"][vc_custom_heading text=\"#Attachiante\" use_theme_fonts=\"yes\"][vc_column_text]Des id\u00e9es bien arr\u00eat\u00e9es, des opinions qui ne font pas l'unanimit\u00e9, des coups de gueule... De quoi me faire plein de nouveau ennemis en&nbsp;moins de temps qu'il n'en faut pour l'\u00e9crire ![\/vc_column_text][\/vc_column][vc_column width=\"1\/4\"][vc_icon type=\"linecons\" icon_linecons=\"vc_li vc_li-diamond\" color=\"custom\" custom_color=\"#e30045\"][vc_custom_heading text=\"Just a girl\" use_theme_fonts=\"yes\"][vc_column_text]Ni Wonder Woman, ni Supergirl, juste une nana qui suit sa vie, trace sa route et fait des d\u00e9tours. Parce qu'il n'y a rien de plus ennuyeux qu'une ligne droite ![\/vc_column_text][\/vc_column][\/vc_row][vc_row wide_row=\"yes\" css=\".vc_custom_1461847116993{padding-top: 15px !important;background-color: #fafafa !important;}\"][vc_column width=\"1\/3\"][vc_custom_heading text=\"Dernier billet\" font_container=\"tag:h2|text_align:center|color:%23ffffff\" use_theme_fonts=\"yes\" css=\".vc_custom_1505221958374{background-color: #e30045 !important;border-radius: 4px !important;}\"][vc_wp_posts title=\"\" number=\"1\"][\/vc_column][vc_column width=\"1\/3\"][vc_custom_heading text=\"Up!\" font_container=\"tag:h2|text_align:center|color:%23ffffff\" use_theme_fonts=\"yes\" css=\".vc_custom_1505221966335{background-color: #e30045 !important;border-radius: 4px !important;}\"][\/vc_column][vc_column width=\"1\/3\"][vc_column_text][wdi_feed id=\"1\"][\/vc_column_text][\/vc_column][\/vc_row]","_et_gb_content_width":"","footnotes":""},"yoast_head":"<!-- This site is optimized with the Yoast SEO plugin v20.13 - https:\/\/yoast.com\/wordpress\/plugins\/seo\/ -->\n<title>Maison - Miss Mad<\/title>\n<meta name=\"robots\" content=\"index, follow, max-snippet:-1, max-image-preview:large, max-video-preview:-1\" \/>\n<link rel=\"canonical\" href=\"https:\/\/www.audreyrochas.com\/missmad\/\" \/>\n<meta property=\"og:locale\" content=\"fr_FR\" \/>\n<meta property=\"og:type\" content=\"article\" \/>\n<meta property=\"og:title\" content=\"Maison - Miss Mad\" \/>\n<meta property=\"og:description\" content=\"Peut-on \u00eatre ind\u00e9pendante et farouchement amoureuse, r\u00eaveuse et compl\u00e8tement geek, fan de mode et de jeux vid\u00e9o, adulescente et \u00e0 la t\u00eate d\u2019une startup, aimer tourner les pages d\u2019un livre mais \u00eatre addict aux \u00e9crans ? Peut-\u00eatre\u2026 Ce qui est s\u00fbr, c&#039;est que Miss Mad est devenue une #LadyBoss (hashtag de rigueur) et n\u2019entre toujours [&hellip;]\" \/>\n<meta property=\"og:url\" content=\"https:\/\/www.audreyrochas.com\/missmad\/\" \/>\n<meta property=\"og:site_name\" content=\"Miss Mad\" \/>\n<meta property=\"article:modified_time\" content=\"2020-06-27T22:46:31+00:00\" \/>\n<meta name=\"twitter:card\" content=\"summary_large_image\" \/>\n<meta name=\"twitter:label1\" content=\"Dur\u00e9e de lecture estim\u00e9e\" \/>\n\t<meta name=\"twitter:data1\" content=\"7 minutes\" \/>\n<script type=\"application\/ld+json\" class=\"yoast-schema-graph\">{\"@context\":\"https:\/\/schema.org\",\"@graph\":[{\"@type\":\"WebPage\",\"@id\":\"https:\/\/www.audreyrochas.com\/missmad\/\",\"url\":\"https:\/\/www.audreyrochas.com\/missmad\/\",\"name\":\"Maison - Miss Mad\",\"isPartOf\":{\"@id\":\"https:\/\/www.audreyrochas.com\/missmad\/#website\"},\"datePublished\":\"2016-04-26T21:52:27+00:00\",\"dateModified\":\"2020-06-27T22:46:31+00:00\",\"breadcrumb\":{\"@id\":\"https:\/\/www.audreyrochas.com\/missmad\/#breadcrumb\"},\"inLanguage\":\"fr-FR\",\"potentialAction\":[{\"@type\":\"ReadAction\",\"target\":[\"https:\/\/www.audreyrochas.com\/missmad\/\"]}]},{\"@type\":\"BreadcrumbList\",\"@id\":\"https:\/\/www.audreyrochas.com\/missmad\/#breadcrumb\",\"itemListElement\":[{\"@type\":\"ListItem\",\"position\":1,\"name\":\"Accueil\",\"item\":\"https:\/\/www.audreyrochas.com\/missmad\/\"},{\"@type\":\"ListItem\",\"position\":2,\"name\":\"Maison\"}]},{\"@type\":\"WebSite\",\"@id\":\"https:\/\/www.audreyrochas.com\/missmad\/#website\",\"url\":\"https:\/\/www.audreyrochas.com\/missmad\/\",\"name\":\"Miss Mad\",\"description\":\"\",\"potentialAction\":[{\"@type\":\"SearchAction\",\"target\":{\"@type\":\"EntryPoint\",\"urlTemplate\":\"https:\/\/www.audreyrochas.com\/missmad\/?s={search_term_string}\"},\"query-input\":\"required name=search_term_string\"}],\"inLanguage\":\"fr-FR\"}]}<\/script>\n<!-- \/ Yoast SEO plugin. -->","yoast_head_json":{"title":"Maison - Miss Mad","robots":{"index":"index","follow":"follow","max-snippet":"max-snippet:-1","max-image-preview":"max-image-preview:large","max-video-preview":"max-video-preview:-1"},"canonical":"https:\/\/www.audreyrochas.com\/missmad\/","og_locale":"fr_FR","og_type":"article","og_title":"Maison - Miss Mad","og_description":"Peut-on \u00eatre ind\u00e9pendante et farouchement amoureuse, r\u00eaveuse et compl\u00e8tement geek, fan de mode et de jeux vid\u00e9o, adulescente et \u00e0 la t\u00eate d\u2019une startup, aimer tourner les pages d\u2019un livre mais \u00eatre addict aux \u00e9crans ? Peut-\u00eatre\u2026 Ce qui est s\u00fbr, c'est que Miss Mad est devenue une #LadyBoss (hashtag de rigueur) et n\u2019entre toujours [&hellip;]","og_url":"https:\/\/www.audreyrochas.com\/missmad\/","og_site_name":"Miss Mad","article_modified_time":"2020-06-27T22:46:31+00:00","twitter_card":"summary_large_image","twitter_misc":{"Dur\u00e9e de lecture estim\u00e9e":"7 minutes"},"schema":{"@context":"https:\/\/schema.org","@graph":[{"@type":"WebPage","@id":"https:\/\/www.audreyrochas.com\/missmad\/","url":"https:\/\/www.audreyrochas.com\/missmad\/","name":"Maison - Miss Mad","isPartOf":{"@id":"https:\/\/www.audreyrochas.com\/missmad\/#website"},"datePublished":"2016-04-26T21:52:27+00:00","dateModified":"2020-06-27T22:46:31+00:00","breadcrumb":{"@id":"https:\/\/www.audreyrochas.com\/missmad\/#breadcrumb"},"inLanguage":"fr-FR","potentialAction":[{"@type":"ReadAction","target":["https:\/\/www.audreyrochas.com\/missmad\/"]}]},{"@type":"BreadcrumbList","@id":"https:\/\/www.audreyrochas.com\/missmad\/#breadcrumb","itemListElement":[{"@type":"ListItem","position":1,"name":"Accueil","item":"https:\/\/www.audreyrochas.com\/missmad\/"},{"@type":"ListItem","position":2,"name":"Maison"}]},{"@type":"WebSite","@id":"https:\/\/www.audreyrochas.com\/missmad\/#website","url":"https:\/\/www.audreyrochas.com\/missmad\/","name":"Miss Mad","description":"","potentialAction":[{"@type":"SearchAction","target":{"@type":"EntryPoint","urlTemplate":"https:\/\/www.audreyrochas.com\/missmad\/?s={search_term_string}"},"query-input":"required name=search_term_string"}],"inLanguage":"fr-FR"}]}},"_links":{"self":[{"href":"https:\/\/www.audreyrochas.com\/missmad\/wp-json\/wp\/v2\/pages\/5282"}],"collection":[{"href":"https:\/\/www.audreyrochas.com\/missmad\/wp-json\/wp\/v2\/pages"}],"about":[{"href":"https:\/\/www.audreyrochas.com\/missmad\/wp-json\/wp\/v2\/types\/page"}],"author":[{"embeddable":true,"href":"https:\/\/www.audreyrochas.com\/missmad\/wp-json\/wp\/v2\/users\/1"}],"replies":[{"embeddable":true,"href":"https:\/\/www.audreyrochas.com\/missmad\/wp-json\/wp\/v2\/comments?post=5282"}],"version-history":[{"count":36,"href":"https:\/\/www.audreyrochas.com\/missmad\/wp-json\/wp\/v2\/pages\/5282\/revisions"}],"predecessor-version":[{"id":5883,"href":"https:\/\/www.audreyrochas.com\/missmad\/wp-json\/wp\/v2\/pages\/5282\/revisions\/5883"}],"wp:attachment":[{"href":"https:\/\/www.audreyrochas.com\/missmad\/wp-json\/wp\/v2\/media?parent=5282"}],"curies":[{"name":"wp","href":"https:\/\/api.w.org\/{rel}","templated":true}]}}